{"id":36,"date":"2021-04-13T21:52:31","date_gmt":"2021-04-13T19:52:31","guid":{"rendered":"http:\/\/haimb.de\/berghaus2\/?page_id=36"},"modified":"2025-09-30T11:33:02","modified_gmt":"2025-09-30T09:33:02","slug":"hausordnung","status":"publish","type":"page","link":"https:\/\/haimb.de\/berghaus\/vermietung\/hausordnung\/","title":{"rendered":"Hausordnung"},"content":{"rendered":"\n<h2 class=\"wp-block-heading\">Hausordnung<\/h2>\n\n\n\n<p><br><strong>ALLGEMEINES<\/strong><\/p>\n\n\n\n<p>Die allgemeinen Ruhezeiten sind mit R\u00fccksicht auf die Nachbarschaft einzuhalten. Entsprechend der Polizeiverordnung der Gemeinde Feldberg sind diese f\u00fcr die Mittagszeit auf 12.30 Uhr bis 14.30 Uhr und die Nachtzeit auf 22.00 Uhr bis 7.00 Uhr festgesetzt. In diesen Zeiten ist die Musik auf Zimmerlautst\u00e4rke zu reduzieren und das Musizieren im Freien zu unterlassen. Bei Zuwiderhandeln wird ein Hausverbot erteilt.<\/p>\n\n\n\n<p>Auf den Fluren, in den Schlafr\u00e4umen, den Sanit\u00e4ren Anlagen und der K\u00fcche ist das Rauchen verboten!!<\/p>\n\n\n\n<p><strong>ABREISE UND HAUSREINIGUNG<\/strong><\/p>\n\n\n\n<p>Im Interesse aller ist das Berghaus pfleglich zu behandeln. Die Abf\u00e4lle sind getrennt zu entsorgen.<\/p>\n\n\n\n<p>Vor der Abreise ist das Geschirr ist zu sp\u00fclen, zu trocknen und in die K\u00fcchenschr\u00e4nke zu r\u00e4umen. Alle R\u00e4ume sind besenrein zu hinterlassen, sodass die Endreinigung vorgenommen werden kann. Die Kosten der Endreinigung sind bei der Abreise in Bar auf der K\u00fcchenzeile zu hinterlegen. Die H\u00f6he der Endreinigung ist der Preisliste zu entnehmen. Die benutzte Bettw\u00e4sche ist in den im Eingangsbereich bereitgestellten W\u00e4schewagen zu legen. Geschirrt\u00fccher sind so hinzulegen, dass sie trocknen k\u00f6nnen.<\/p>\n\n\n\n<p>Vor dem Verlassen des Berghauses sind alle Fenster zu schlie\u00dfen und die Heizk\u00f6rperthermostate im Sommer auf * und im Winter auf 1 zu stellen.<\/p>\n\n\n\n<p><strong>ABFALLENTSORGUNG<\/strong><\/p>\n\n\n\n<p>Der Abfall ist getrennt zu entsorgen! Es steht nur ein begrenztes M\u00fclltonnenvolumen zur Verf\u00fcgung!<br>Der BIO-M\u00dcLL geh\u00f6rt in die 2 mit braunen Deckeln versehenen M\u00fclltonnen, der RESTM\u00dcLL in die 2 kleinen, schwarzen M\u00fclltonnen. Diese M\u00fclltonnen stehen unter der Terrasse. Der Schl\u00fcssel f\u00fcr das Vorh\u00e4ngeschloss h\u00e4ngt im Kellervorraum (links hinter dem W\u00e4schewagen). Der RECYCELBARE M\u00dcLL kommt in den gelben Sack. Gelbe S\u00e4cke werden in die Tonne f\u00fcr den gelben Sack gelegt. PAPIERM\u00dcLL geh\u00f6rt in die Tonne mit dem blauen Deckel vor der Eingangst\u00fcr. ALTGLAS bitte eigenverantwortlich entsorgen, z.B. bei der Feldberghalle.<\/p>\n\n\n\n<p>Die M\u00fclltonnen sind entsprechend dem in der K\u00fcche aush\u00e4ngendem Abfallkalender an den dort festgelegten Tagen an der Stra\u00dfe zur Entleerung bereitzustellen. Online kann der\u00a0<a href=\"https:\/\/api.abfall.io\/temp\/c9b84a5d7efac1d858f4617a16601cac\/abfallkalender.pdf\" data-type=\"URL\" data-id=\"https:\/\/www.lenzkirch.de\/de\/buerger\/informationen\/muell\" target=\"_blank\" rel=\"noreferrer noopener\">Abfallkalender<\/a>\u00a0eingesehen werden.<\/p>\n\n\n\n<p><strong>ABRECHNUNG<\/strong><\/p>\n\n\n\n<p>Die Abrechnung des Benutzungsentgeltes und der Kurtaxen wird vom Verwalter durchgef\u00fchrt. Der Gesamtbetrag ist auf das Konto des Haus Falkenstein Freiburg e.V. bei der Volksbank Freiburg zu \u00fcberweisen: IBAN: DE62 6809 0000 0001 0430 21. <br>Die H\u00f6he der Betr\u00e4ge ist <a href=\"http:\/\/haimb.de\/berghaus\/preisliste\/\" data-type=\"URL\" data-id=\"http:\/\/haimb.de\/berghaus\/preisliste\/\">in der Preisliste<\/a> einsehbar.<\/p>\n\n\n\n<p><strong>SONSTIGES<\/strong><\/p>\n\n\n\n<p>Etwaige Sch\u00e4den am Haus oder der Einrichtung oder sonstige M\u00e4ngel sind dem Hausverwalter unverz\u00fcglich zu melden. Bei einem entsprechenden Notfall ist ein Notdienst zu rufen. Sch\u00e4den, die durch unsachgem\u00e4\u00dfen Gebrauch oder grob fahrl\u00e4ssiges Handeln verursacht werden, k\u00f6nnen dem entsprechenden Mieter in Rechnung gestellt werden. Wird der in Rechnung gestellte Schaden nicht beglichen, wird ein lebenslanges Hausverbot erteilt.<\/p>\n\n\n\n<p>Wer auf dem Berghaus (gesamtes Grundst\u00fcck!) illegale Substanzen konsumiert oder anderweitig Straftaten begeht erh\u00e4lt ebenfalls ein Hausverbot, das &#8211; wenn \u00fcberhaupt &#8211; erst nach R\u00fccksprache mit dem Verwalter wieder aufgehoben werden kann.<br><br>Haus Falkenstein Freiburg e.V.<br>Der Vorstand<br><br>(Januar 2025)<\/p>\n","protected":false},"excerpt":{"rendered":"<p>Hausordnung ALLGEMEINES Die allgemeinen Ruhezeiten sind mit R\u00fccksicht auf die Nachbarschaft einzuhalten. Entsprechend der Polizeiverordnung der Gemeinde Feldberg sind diese f\u00fcr die Mittagszeit auf 12.30 Uhr bis 14.30 Uhr und die Nachtzeit auf 22.00 Uhr bis 7.00 Uhr festgesetzt. In diesen Zeiten ist die Musik auf Zimmerlautst\u00e4rke zu reduzieren und&#8230;<\/p>\n","protected":false},"author":1,"featured_media":0,"parent":26,"menu_order":1,"comment_status":"closed","ping_status":"closed","template":"","meta":{"footnotes":""},"class_list":["post-36","page","type-page","status-publish","hentry"],"_links":{"self":[{"href":"https:\/\/haimb.de\/berghaus\/wp-json\/wp\/v2\/pages\/36","targetHints":{"allow":["GET"]}}],"collection":[{"href":"https:\/\/haimb.de\/berghaus\/wp-json\/wp\/v2\/pages"}],"about":[{"href":"https:\/\/haimb.de\/berghaus\/wp-json\/wp\/v2\/types\/page"}],"author":[{"embeddable":true,"href":"https:\/\/haimb.de\/berghaus\/wp-json\/wp\/v2\/users\/1"}],"replies":[{"embeddable":true,"href":"https:\/\/haimb.de\/berghaus\/wp-json\/wp\/v2\/comments?post=36"}],"version-history":[{"count":12,"href":"https:\/\/haimb.de\/berghaus\/wp-json\/wp\/v2\/pages\/36\/revisions"}],"predecessor-version":[{"id":375,"href":"https:\/\/haimb.de\/berghaus\/wp-json\/wp\/v2\/pages\/36\/revisions\/375"}],"up":[{"embeddable":true,"href":"https:\/\/haimb.de\/berghaus\/wp-json\/wp\/v2\/pages\/26"}],"wp:attachment":[{"href":"https:\/\/haimb.de\/berghaus\/wp-json\/wp\/v2\/media?parent=36"}],"curies":[{"name":"wp","href":"https:\/\/api.w.org\/{rel}","templated":true}]}}