{"id":332,"date":"2025-09-30T11:04:19","date_gmt":"2025-09-30T09:04:19","guid":{"rendered":"http:\/\/haimb.de\/berghaus\/?page_id=332"},"modified":"2026-01-06T16:43:22","modified_gmt":"2026-01-06T15:43:22","slug":"kurtaxen-und-fremdenverkehrsbeitrag","status":"publish","type":"page","link":"https:\/\/haimb.de\/berghaus\/kurtaxen-und-fremdenverkehrsbeitrag\/","title":{"rendered":"Kurtaxen und Fremdenverkehrsbeitrag"},"content":{"rendered":"\n<h2 class=\"wp-block-heading\">Neues Online-Meldesystem<\/h2>\n\n\n\n<p>Liebe G\u00e4ste,<\/p>\n\n\n\n<p>Die Gemeinde Feldberg hat uns zum 1.1.2025 verpflichtet, die Kurtaxen k\u00fcnftig ausschlie\u00dflich online anzumelden und abzurechnen. Die gelben Kurtaxen-Scheine gibt es somit nicht mehr. <\/p>\n\n\n\n<h2 class=\"wp-block-heading\">Anmeldung<\/h2>\n\n\n\n<p>Die Anmeldung im Kurtaxen-System der Gemeinde Feldberg muss <strong>sp\u00e4testens drei Tage vor Anreise<\/strong> \u00fcber <a href=\"https:\/\/shop.hochschwarzwald.de\/de\/registration\/guestcard\/genericquickcheckin\/?serviceProvider%5B0%5D=0503701046&amp;partner=7c238f5b-578d-11ec-86ac-005056bba5cf\" target=\"_blank\" rel=\"noreferrer noopener\">diesen Link<\/a> erfolgen.<\/p>\n\n\n\n<p>Bei Gruppen ab 10 Personen sind Gruppenanmeldungen m\u00f6glich. In diesem Fall gen\u00fcgt es, den Hauptverantwortlichen einzutragen und eine Teilnehmerliste beizuf\u00fcgen. Der Verwalter hinterlegt die Liste dann im System. Als Gast kann man aktuell leider noch keine Gruppe anlegen. Die TN-Liste muss Name, Nachname, Nationalit\u00e4t (bzw. Land des Wohnsitzes) und Alter enthalten. Bei einer Gruppenbuchung k\u00f6nnen einzelne G\u00e4ste nicht fr\u00fcher An- bzw. sp\u00e4ter Abreisen. Personen mit abweichenden Aufenthaltstagen m\u00fcssen daher als Einzelpersonen angelegt werden.<\/p>\n\n\n\n<p>Bei Einzelbuchungen sind alle Mitreisenden mit folgenden Informationen anzugeben: Name, Nachname, Geburtsdatum, Nationalit\u00e4t, An- und Abreisetag.<\/p>\n\n\n\n<p>Nachdem die Anmeldung im Online-System erfolgt ist, best\u00e4tigt der Verwalter die Angaben oder kontaktiert den Hauptverantwortlichen f\u00fcr R\u00fcckfragen. Bei Unklarheiten auch gerne direkt beim Verwalter melden.<\/p>\n\n\n\n<h2 class=\"wp-block-heading\">Konus-Karte<\/h2>\n\n\n\n<p>Ist die Anmeldung vollst\u00e4ndig, erhalten G\u00e4ste die Konus-Karte. Bei Einzelbuchungen erh\u00e4lt jeder Gast eine personalisierte Karte, bei Gruppenbuchungen gibt es eine Karte f\u00fcr die gesamte Gruppe. Dies ist wichtig zu beachten, wenn die Gruppe nicht immer gemeinsam mit den \u00d6PNV fahren m\u00f6chte. Die Konus-Karte kann an der Rezeption des Hotel Schlehdorn abgeholt werden &#8211; aber bitte nur wenn diese auch gebraucht wird; ansonsten einfach nichts machen. Inhaltliche \u00c4nderungen egal welcher Art k\u00f6nnen an der Rezeption nicht bearbeitet werden, daf\u00fcr ist immer der Verwalter zu kontaktieren. Die Anmeldung drei Tage im Voraus ist also wichtig, da der Verwalter daf\u00fcr nicht immer Zeit hat.<\/p>\n\n\n\n<p>Einen schnellen \u00dcberblick \u00fcber der Konus-Karte gibt es <a href=\"https:\/\/www.schwarzwald-tourismus.info\/_Resources\/Persistent\/b895d354812ec13dcb3fa7791cdc4a39673ace16\/KONUS%20DIN%20Lang%20-Wickelfalz-297x210mm_neues%20Logo%20RVF.pdf\" target=\"_blank\" rel=\"noreferrer noopener\">hier<\/a> oder auf der <a href=\"https:\/\/www.schwarzwald-tourismus.info\/planen-buchen\/konus-gaestekarte\" data-type=\"link\" data-id=\"https:\/\/www.schwarzwald-tourismus.info\/planen-buchen\/konus-gaestekarte\" target=\"_blank\" rel=\"noreferrer noopener\">Website<\/a>.<\/p>\n\n\n\n<h2 class=\"wp-block-heading\">Fremdenverkehrsbeitrag<\/h2>\n\n\n\n<p>Zus\u00e4tzlich zu den Kurtaxen erhebt die Gemeinde Feldberg seit Januar 2025 einen Fremdenverkehrsbeitrag (FVB) i.H.v. 8%, der anfallenden Kurtaxen. Ab Januar 2026 werden wir diesen zusammen mit der Kurtaxe erheben.<br>Faktisch erh\u00f6ht das die Abgaben an die Gemeinde Feldberg auf folgende Werte:<br>4,21\u20ac pro Erw. und Nacht<br>1,73\u20ac pro Kind und Nacht<\/p>\n\n\n\n<h2 class=\"wp-block-heading\">Abrechnung<\/h2>\n\n\n\n<p>Da die Gemeinde Feldberg nur ca. alle 4 Wochen die Kurtaxen abrechnet, kann es bei der allgemeinen Abrechnung zu Verz\u00f6gerungen kommen. Die Abrechnung der Kurtaxen + FVB erfolgt dann zusammen mit der Abrechnung f\u00fcr die \u00dcbernachtungen.<\/p>\n","protected":false},"excerpt":{"rendered":"<p>Neues Online-Meldesystem Liebe G\u00e4ste, Die Gemeinde Feldberg hat uns zum 1.1.2025 verpflichtet, die Kurtaxen k\u00fcnftig ausschlie\u00dflich online anzumelden und abzurechnen. Die gelben Kurtaxen-Scheine gibt es somit nicht mehr. Anmeldung Die Anmeldung im Kurtaxen-System der Gemeinde Feldberg muss sp\u00e4testens drei Tage vor Anreise \u00fcber diesen Link erfolgen. Bei Gruppen ab 10&#8230;<\/p>\n","protected":false},"author":4,"featured_media":0,"parent":0,"menu_order":0,"comment_status":"closed","ping_status":"closed","template":"","meta":{"footnotes":""},"class_list":["post-332","page","type-page","status-publish","hentry"],"_links":{"self":[{"href":"https:\/\/haimb.de\/berghaus\/wp-json\/wp\/v2\/pages\/332","targetHints":{"allow":["GET"]}}],"collection":[{"href":"https:\/\/haimb.de\/berghaus\/wp-json\/wp\/v2\/pages"}],"about":[{"href":"https:\/\/haimb.de\/berghaus\/wp-json\/wp\/v2\/types\/page"}],"author":[{"embeddable":true,"href":"https:\/\/haimb.de\/berghaus\/wp-json\/wp\/v2\/users\/4"}],"replies":[{"embeddable":true,"href":"https:\/\/haimb.de\/berghaus\/wp-json\/wp\/v2\/comments?post=332"}],"version-history":[{"count":5,"href":"https:\/\/haimb.de\/berghaus\/wp-json\/wp\/v2\/pages\/332\/revisions"}],"predecessor-version":[{"id":388,"href":"https:\/\/haimb.de\/berghaus\/wp-json\/wp\/v2\/pages\/332\/revisions\/388"}],"wp:attachment":[{"href":"https:\/\/haimb.de\/berghaus\/wp-json\/wp\/v2\/media?parent=332"}],"curies":[{"name":"wp","href":"https:\/\/api.w.org\/{rel}","templated":true}]}}