{"id":26,"date":"2021-04-13T21:39:11","date_gmt":"2021-04-13T19:39:11","guid":{"rendered":"http:\/\/haimb.de\/berghaus2\/?page_id=26"},"modified":"2025-09-30T11:17:16","modified_gmt":"2025-09-30T09:17:16","slug":"vermietung","status":"publish","type":"page","link":"https:\/\/haimb.de\/berghaus\/vermietung\/","title":{"rendered":"Vermietung"},"content":{"rendered":"\n<p>  <\/p>\n\n\n\n<h2 class=\"wp-block-heading\"><a href=\"http:\/\/haimb.de\/berghaus\/kurtaxen-und-fremdenverkehrsbeitrag\/\" data-type=\"link\" data-id=\"http:\/\/haimb.de\/berghaus\/kurtaxen-und-fremdenverkehrsbeitrag\/\">Kurtaxen<\/a>    &#8211;    <a href=\"http:\/\/haimb.de\/berghaus\/preisliste\/\" data-type=\"link\" data-id=\"http:\/\/haimb.de\/berghaus\/preisliste\/\">Preisliste<\/a><\/h2>\n\n\n\n<p><\/p>\n\n\n\n<h2 class=\"wp-block-heading\">Vermietung<\/h2>\n\n\n\n<p>Das Berghaus Falkenstein steht Mitgliedern der K.D.St.V Falkenstein bzw. des Haus Falkenstein Freiburg e.V. sowie nach Absprache mit dem Verwalter nahen Angeh\u00f6rigen und Freunden zur Nutzung offen. In Ausnahmef\u00e4llen kann auch an andere Personen(gruppen) vermietet werden, insofern dies mit den Grunds\u00e4tzen des Vereins vereinbar ist. Bei der Anfrage sollte hier bereits in der Nachricht eine Begr\u00fcndung zur Anfrage gegeben werden. Der blo\u00dfe Hinweis, dass man mit einem Mitglied bekannt oder \u00fcber ein Mitglied auf das Berghaus hingewiesen worden ist, reicht hier nicht aus. Ein Anruf beim Verwalter kann hier schnelle und einfache Kl\u00e4rung bringen.<\/p>\n\n\n\n<p>Vereinsmitglieder, die ihren Jahresbeitrag nicht innerhalb der Frist bezahlt haben, k\u00f6nnen das Berghaus so lange nicht mieten, bis die Ausst\u00e4nde beglichen sind.<\/p>\n\n\n\n<p><strong>R\u00c4UMLICHKEITEN:<\/strong><\/p>\n\n\n\n<p><strong>EG<\/strong>: Eingang mit Garderobe, K\u00fcche, Duschraum<br><strong>1. OG<\/strong>: Gute Stube, Burschenstube (2 Etagenbetten &#8211; 4 Personen), Karzer (1 Etagenbett &#8211; 2 Personen), Toiletten, Garderobe bei der Balkont\u00fcr<br><strong>2. OG<\/strong>: Fuchsfarm und Familienheim (Zimmer mit je 3 Einzelbetten &#8211; je 3 Personen), Sacherstube und Feldbergstube (Zimmer mit je 1 Etagenbett &#8211; je 2 Personen), Bad mit WC und Dusche<br><strong>DG<\/strong>: Olymp rechts und links (Zimmer mit je 4 Betten &#8211; je 4 Personen)<\/p>\n\n\n\n<p>Insgesamt stehen im Haus 24 Betten zur Verf\u00fcgung.<\/p>\n\n\n\n<p><\/p>\n\n\n\n<p><strong>DER VERWALTER<\/strong><\/p>\n\n\n\n<p>Als Vorstandsmitglied verantwortlich f\u00fcr alle Belange des Berghauses. Im Bereich der Vermietung zust\u00e4ndig f\u00fcr Belegungsanfragen, Ab-\/Rechnungen und Belege:<\/p>\n\n\n\n<p>Lucas Graf<br>Leddinstra\u00dfe 16 <br>21614 Buxtehude<br>Telefon: 07842 \/ 476 06 09<br>Mobil: +49 176 \/ 3064 9584<br>E-Mail:&nbsp;<a href=\"mailto:berghaus@kdstv-falkenstein.de\">berghaus@kdstv-falkenstein.de<\/a><\/p>\n\n\n\n<p><\/p>\n\n\n\n<p><strong>DIE BETREUERIN<\/strong><\/p>\n\n\n\n<p>Zum Ende des Kalenderjahres 2024 beendete Frau Zipfel ihre T\u00e4tigkeit als Betreuerin. Sie darf nun ihren wohlverdienten Ruhestand genie\u00dfen. Wir sind ihr und ihrem Mann f\u00fcr die Betreuung \u00fcber 26 Jahre zu gro\u00dfem Dank verpflichtet. Die Vor-Ort-Betreuung wurde neu geregelt, n\u00e4here Informationen hierzu gibt es in der Best\u00e4tigungsmail nach einer erfolgreichen Buchung.<\/p>\n\n\n\n<p><\/p>\n\n\n\n<p>Im folgenden wird der Ablauf der Vermietung erkl\u00e4rt.<\/p>\n\n\n\n<p><strong>ANFRAGEN UND RESERVIERUNGEN<\/strong><\/p>\n\n\n\n<p>Anfragen bitte grunds\u00e4tzlich \u00fcber die Belegungsanfrage auf der Seite &#8222;Belegungen und Anfragen&#8220;. Dort k\u00f6nnen im Nachrichtenfeld auch Fragen oder Anmerkungen formuliert werden. In besonderen F\u00e4llen steht der Verwalter (Lucas Graf) auch pers\u00f6nlich f\u00fcr R\u00fcckfragen zur Verf\u00fcgung. Bitte senden Sie keine einfachen schriftlichen Anfragen per Mail oder rufen deshalb beim Verwalter an. Im Belegungskalender ist eindeutig zu sehen, ob das Berghaus im gew\u00fcnschten Zeitraum frei ist. In der Belegungsanfrage m\u00fcssen die Kontaktdaten angegeben werden, die im Falle einer Zahlungserinnerung notwendig sind. Eine formlose Anfrage per Mail ist ein f\u00fcr alle Seiten vermeidbarer Mehraufwand.<\/p>\n\n\n\n<p>Ist das Berghaus im angefragten Zeitraum frei, wird die Buchungsanfrage im Normalfall innerhalb von 2 Wochen best\u00e4tigt und die Reservierung wird f\u00fcr Einzelbuchungen verbindlich. Gruppenbuchungen ab 8 Personen werden erst nach dem Entrichten der Anzahlung verbindlich. Bestehen \u00dcberlappungen mit anderen Buchungen, die m\u00f6glich sind, setzt sich der Verwalter mit den entsprechenden Gruppen oder Personen in Verbindung und kl\u00e4rt die M\u00f6glichkeit ab. Besteht eine \u00dcberlappung, die z.B. aufgrund der angegebenen Personenzahl nicht m\u00f6glich ist, wird die zeitlich sp\u00e4ter gestellte Anfrage generell abgelehnt. Es kann dann eine neue Anfrage f\u00fcr einen anderen Zeitraum gestellt werden. Bei Gruppenbuchungen ist aufgrund des neuen Meldesystems bei den Kurtaxen eine Liste der Teilnehmeranzahl nach Alter (16+,6-15, 0-5) im Kommentarfeld zu hinterlassen. Gruppenbuchungen ohne diese Aufschl\u00fcsselung werden abgelehnt.<\/p>\n\n\n\n<p><strong>Spezialfall Jahreswechsel:<\/strong> Da der Jahreswechsel ein beliebtes Zeitfenster f\u00fcr einen Berghausaufenthalt ist, gilt hier eine besondere Regelung. Die Anfragen werden immer bis Ende M\u00e4rz des Jahres gesammelt. Es werden nur Pauschalbuchungen angenommen. Anfang April entscheidet der Verwalter entsprechend der folgenden Parameter \u00fcber den Zuschlag:<\/p>\n\n\n\n<p>Welchen Zeitraum deckt die Anfrage? &#8211; L\u00e4ngere Aufenthalte werden bevorzugt behandelt.<br>Welche Art der Veranstaltung ist es? &#8211; Famili\u00e4r vor Party<br>Wer fragt an? &#8211; Nicht jedes (zweite) Jahr die selben Gruppen &#8211; auch bei unterschiedlichen Verantwortlichen! Auf gerechte Verteilung wird Wert gelegt.<br>Im Zweifelsfall gewinnt auch hier die zeitlich fr\u00fcheste Buchungsanfrage.<\/p>\n\n\n\n<p>F\u00fcr den Aufenthalt \u00fcber den Jahreswechsel ist der Gruppenpauschalbetrag im Vorhinein bis zum 30.6. des entsprechenden Jahres als Kaution zu entrichten. Wird der Betrag nicht bezahlt verf\u00e4llt die Reservierung und die anderen Gruppen werden der Reihe nach gefragt, ob sie einspringen. Die Pflicht zur Vorauszahlung bleibt bestehen und die Frist wird individuell kommuniziert.<\/p>\n\n\n\n<p><strong>Kurtaxen<\/strong> <strong>und KONUS-G\u00e4stekarte<\/strong><\/p>\n\n\n\n<p>F\u00fcr die Kurtaxen ist aufgrund der Vorgabe der Gemeinde Feldberg seit M\u00e4rz 2024 eine vorherige online Meldung notwendig, die von den G\u00e4sten \u00fcber <a href=\"https:\/\/shop.hochschwarzwald.de\/de\/registration\/guestcard\/genericquickcheckin\/?serviceProvider%5B0%5D=0503701046&amp;partner=7c238f5b-578d-11ec-86ac-005056bba5cf\" data-type=\"link\" data-id=\"https:\/\/shop.hochschwarzwald.de\/de\/registration\/guestcard\/genericquickcheckin\/?serviceProvider%5B0%5D=0503701046\">diesen Link<\/a> selbstst\u00e4ndig durchzuf\u00fchren ist. Hierbei muss beachtet werden, dass die Hauptperson Name, Postadresse, E-Mail Adresse, Geburtstag, Nationalit\u00e4t, und Ausweisnummer angeben muss. Alle Mitreisenden m\u00fcssen Namen, Geburtstag, Nationalit\u00e4t und Ausweisnummer angeben. Bei deutschen Staatsangeh\u00f6rigen besteht keine Pflicht zur Angabe der Ausweisnummer.<\/p>\n\n\n\n<p>Bei Gruppenbuchungen gen\u00fcgen die personenbezogenen Daten zur Hauptperson. Die Gruppe wird dann durch den Verwalter im System hinzugef\u00fcgt, wozu eine klare Aufstellung der Gruppe notwendig ist, wie viele Erwachsene (16 J+), Jugendliche (6-15 J.) und Kinder (0-5 J.) dabei sind. Diese Aufstellung ist bei der Buchung hier auf der Website im Kommentarfeld obligatorisch anzugeben (s.o.). Es k\u00f6nnen hier auch noch bis Buchungsende \u00c4nderungen vorgenommen werden, sodass bei unsicherer Teilnehmeranzahl auch eine erste Sch\u00e4tzung gen\u00fcgt. Wichtig ist hierbei zu beachten, dass auf Grund des Systems bei einer Gruppenbuchung f\u00fcr die gesamte Dauer der Buchung nur eine gleichbleibende Personenanzahl berechnet werden kann. Wer also nicht \u00fcber die gesamte Dauer der Buchung die selbe Personenanzahl aufweist, muss die betreffende(n) Person(en) unter Angabe der pers\u00f6nlichen Daten (s.o.) einzeln melden, wenn keine Mehrkosten bzgl. der Kurtaxen anfallen sollen. Dies kann in Ausnahmef\u00e4llen auch noch am Tag der Abreise an der Rezeption im Hotel Schlehdorn gemacht werden, wobei zu beachten ist, dass dann ein g\u00fcltiges Ausweisdokument (Reisepass\/Personalausweis) vorzulegen ist. Findet diesbez\u00fcglich keine Absprache statt, wird f\u00fcr die Gesamtdauer abgerechnet.<\/p>\n\n\n\n<p>Werden mehrere Gruppenkarten ben\u00f6tigt, weil z.B. eine Gruppe mit \u00d6PNV zum Feldberg m\u00f6chte und eine andere zeitgleich zum Schluchsee, dann m\u00fcssen so viele Personen mit personenbezogenen Daten gemeldet werden, wie es Kleingruppen geben soll. Au\u00dferdem muss die Gr\u00f6\u00dfe der Kleingruppen vor dem Ausdrucken im System gemeldet sein, da die Gruppengr\u00f6\u00dfe auf der Konuskarte abgedruckt ist. Dies kann an der Rezeption im Hotel Schlehdorn noch gekl\u00e4rt werden, bevor der Meldeschein ausgedruckt wird. Wenn Gruppenaktionen in der Zusammensetzung vorher nicht klar geplant sind, empfiehlt es sich, jede Person einzeln zu melden, da dann jede Person eine eigene Konuskarte erh\u00e4lt.<\/p>\n\n\n\n<p>Ist die Meldung im System erfolgt, wird sie durch den Verwalter gepr\u00fcft und best\u00e4tigt. Besteht der tats\u00e4chliche Bedarf, die <a href=\"https:\/\/www.schwarzwald-tourismus.info\/planen-buchen\/konus-gaestekarte\" data-type=\"link\" data-id=\"https:\/\/www.schwarzwald-tourismus.info\/planen-buchen\/konus-gaestekarte\">KONUS-G\u00e4stekarte<\/a> zu benutzen, kann diese bei der Ankunft an der Rezeption im Hotel Schlehdorn angefragt werden. Sie befindet sich auf dem Meldeschein und kann entlang der perforierten Linie herausgel\u00f6st werden. Mit dieser Karte kann quasi der gesamte Nahverkehr im Schwarzwald kostenlos benutzt werden. N\u00e4here Infos <a href=\"https:\/\/www.schwarzwald-tourismus.info\/_Resources\/Persistent\/8929bd408e1d75ebf9d90ab916a69964e9763a6e\/KONUS%20Flyer%202023.pdf\" data-type=\"link\" data-id=\"https:\/\/www.schwarzwald-tourismus.info\/_Resources\/Persistent\/8929bd408e1d75ebf9d90ab916a69964e9763a6e\/KONUS%20Flyer%202023.pdf\">hier<\/a>.<\/p>\n\n\n\n<p>Sind die G\u00e4ste auf dem Berghaus angekommen, k\u00f6nnen sie an der Rezeption im Hotel Schlehdorn die Konus-Karte ausdrucken lassen &#8211; eine Stornierung ist dann nicht mehr m\u00f6glich, allerdings k\u00f6nnen noch \u00c4nderungen hinsichtlich der Mitreisenden vorgenommen werden. Am Ende des Aufenthaltes werden die G\u00e4ste automatisch ausgecheckt und es kann nichts mehr ge\u00e4ndert werden. F\u00fcr die dann gemeldeten Personen fallen die entsprechenden Kurtaxen an.<\/p>\n\n\n\n<p>Die H\u00f6he der Kurtaxen pro Nacht betr\u00e4gt seit 01.01.2025:<br>3,50\u20ac f\u00fcr Erwachsene (ab 16J.)<br>1,60\u20ac f\u00fcr Kinder (6-15J.)<br>0,00\u20ac f\u00fcr Kleinkinder (unter 6J.)<\/p>\n\n\n\n<p><\/p>\n\n\n\n<p><strong>ANZAHLUNG<\/strong><\/p>\n\n\n\n<p>Ab 8 Personen und bei Pauschalgruppen ist die Anmeldung erst verbindlich, wenn eine Anzahlung von \u20ac 50,- auf das Berghaus-Konto geleistet worden ist:<\/p>\n\n\n\n<p>Haus Falkenstein Freiburg e.V.:<br>IBAN: DE62 6809 0000 0001 0430 21<br>BIC: GENODE61FR1; Volksbank Freiburg<\/p>\n\n\n\n<p><\/p>\n\n\n\n<p><strong>PAUSCHALBUCHUNGEN<\/strong><\/p>\n\n\n\n<p>Pauschalbuchungen sind nicht daf\u00fcr gedacht, mit wenigen Leuten das gesamte Berghaus f\u00fcr sich zu reservieren. Kommt es durch kurzfristige Absagen oder anderweitig mildernde Umst\u00e4nde (Krankheit, Todesfall, etc.) dazu, dass erheblich weniger Personen anreisen als urspr\u00fcnglich gemeldet waren, kann der Verwalter aus Kulanz eine Einzelabrechnung durchf\u00fchren. Wird hingegen angenommen, dass die Gruppe gezielt das Haus mit wenigen Personen f\u00fcr sich allein beansprucht, beh\u00e4lt sich der Verwalter das Recht vor, den vollen Preis der Pauschalbuchung zu verlangen. Ebenso ist es m\u00f6glich, dass bei Einzelbuchungen eine Pauschalabrechnung stattfindet, wenn doch mehr Personen anreisen als angemeldet, insofern dies f\u00fcr alle Beteiligten in Ordnung ist. Im Zweifelsfall hilft hier immer ein Telefonat mit dem Verwalter.<\/p>\n\n\n\n<p><\/p>\n\n\n\n<p><strong>VOR DER ANREISE<\/strong><\/p>\n\n\n\n<p>Mindestens 2 Tage vor der Anreise muss man sich beim Verwalter melden, um folgende Dinge abzusprechen: Schl\u00fcssel, Bettw\u00e4sche, Reinigungspauschale und Abrechnung am Ende des Aufenthalts. Hier k\u00f6nnen auch noch kleinere Unklarheiten und offene Fragen angesprochen werden.<\/p>\n\n\n\n<p><\/p>\n\n\n\n<p><strong>BETTW\u00c4SCHE UND HAUSSCHL\u00dcSSEL<\/strong><\/p>\n\n\n\n<p><em><strong>Bettw\u00e4sche, Geschirrt\u00fccher sowie Handt\u00fccher f\u00fcr Bad und Toiletten sind grunds\u00e4tzlich selbst mitzubringen!<\/strong><\/em><\/p>\n\n\n\n<p>Auf Anfrage kann die Bettw\u00e4sche gegen eine Geb\u00fchr von 7,50\u20ac pro Garnitur ausgeliehen werden. Es sollte allerdings eigene Bettw\u00e4sche oder ein Schlafsack benutzt werden. Bei Schlafs\u00e4cken ohne Kopfteil bitte einen Kopfkissenbezug mitbringen. In jedem Fall sind die Betten selbst\u00e4ndig mit der Bettw\u00e4sche zu beziehen. Daunenkissen, Daunendecken und \u00dcberdecken f\u00fcr den Winter sind vorhanden.<\/p>\n\n\n\n<p>Die Bettw\u00e4sche wird auf Anfrage von einer Angestellten der Hauswirtschaft des Hotels bereitgestellt. Hierzu ist eine fr\u00fchzeitige Absprache mit dem Verwalter notwendig. Wenn Bettw\u00e4sche gew\u00fcnscht ist, muss dies in der Buchungsanfrage genannt, sp\u00e4testens jedoch 3 Tage vor der Anreise via Telefonat oder WhatsApp dem Verwalter kommuniziert werden. Eine spontane Bereitstellung von Bettw\u00e4sche ist organisatorisch nicht m\u00f6glich.<\/p>\n\n\n\n<p>Auf Anfrage k\u00f6nnen auch Geschirrt\u00fccher ausgeliehen werden, wof\u00fcr eine Pauschale von 10 \u20ac f\u00fcr je 5 Geschirrt\u00fccher f\u00e4llig wird. Diese Pauschale ist bei der Abreise in der K\u00fcche bar zu hinterlegen.<\/p>\n\n\n\n<p>Bei Verlust oder irreparabler Besch\u00e4digung bzw. beim Abbrechen eines Schl\u00fcssels wird pro Schl\u00fcssel eine Pauschale von 50\u20ac berechnet.<\/p>\n\n\n\n<p><\/p>\n\n\n\n<p><strong>AUFENTHALT<\/strong><\/p>\n\n\n\n<p>Zu Beginn des Aufenthalts k\u00f6nnen die G\u00e4ste an der Rezeption im Hotel Schlehdorn die Konus-Karte entgegennehmen, insofern diese gew\u00fcnscht ist. Mithilfe des individuellen Zahlencodes kann der Schl\u00fcssel aus dem Schl\u00fcsselsafe entnommen und das Haus kann betreten werden.<\/p>\n\n\n\n<p>Bitte beachten Sie w\u00e4hrend des Aufenthalts die Hausordnung, die in jedem Zimmer an der T\u00fcr zu finden ist. Bitte bringen Sie Hausschuhe f\u00fcr die Gute Stube mit, da der Parkettboden im April 2022 renoviert wurde und achten Sie auf einen pflegsamen Umgang. Fl\u00fcssigkeiten bitte unverz\u00fcglich aufwischen, da diese sonst in das Holz einziehen und keine hei\u00dfe Asche auf den Boden fallen lassen! Die Herdsets sind ebenfalls im April 2022 neu angeschafft worden und verf\u00fcgen \u00fcber Induktionsherdplatten, sowie ausziehbare Backwagen. Die meisten T\u00f6pfe und Pfannen sind dem Berghaus im Fr\u00fchjahr 2023 von einem edlen Spender geschenkt worden, wor\u00fcber wir sehr froh und dankbar sind! Wenn mit den Sachen pfleglich umgegangen wird, haben alle G\u00e4ste unseres Berghauses lange Freude an diesen neuen Dingen!<\/p>\n\n\n\n<p>Am Ende des Aufenthalts sind alle benutzten R\u00e4ume besenrein zu hinterlassen, alle M\u00fclleimer zu leeren und die benutzten K\u00fcchenutensilien gesp\u00fclt und abgetrocknet an ihren Platz in den K\u00fcchenschr\u00e4nken zu legen. Geliehene Bettw\u00e4sche ist in den W\u00e4schewagen zu legen, geliehene Geschirrt\u00fccher sind in der K\u00fcche so hinzulegen, dass sie trocknen k\u00f6nnen. Alle Fenster sind zu schlie\u00dfen, die Heizk\u00f6rper auf * zu stellen und die Haust\u00fcren abzuschlie\u00dfen. Der Schl\u00fcssel ist in den Schl\u00fcssel-Safe zu legen und der Code entsprechend zu verstellen. Zu guter Letzt erfolgt das Auschecken f\u00fcr die Kurtaxen an der Rezeption im Hotel. Im Optimalfall wird der Verwalter dann noch per WhatsApp-Nachricht \u00fcber das Ende des Aufenthalts informiert und eine Absprache bzgl. der Abrechnung getroffen.<\/p>\n\n\n\n<p><\/p>\n\n\n\n<p><strong>REINIGUNG<\/strong><\/p>\n\n\n\n<p>Die Hausbenutzer haben das Berghaus bzw. die benutzten R\u00e4umlichkeiten besenrein zu hinterlassen. Wird das Berghaus nicht besenrein hinterlassen, beh\u00e4lt sich der Verwalter das Recht vor, eine Sonderreinigungspauschale zu verlangen, die dem Grad der Verschmutzung angemessen ist.<\/p>\n\n\n\n<p>Die Endreinigung wird von einer privaten Reinigungskraft zu folgenden Konditionen vorgenommen. <br>Bei Einzelbuchungen: 60\u20ac Grundpreis f\u00fcr K\u00fcche, Gute Stube und Sanit\u00e4re Anlagen + je Zimmer mit 10\u20ac<br>Bei Pauschalbuchung: 150\u20ac f\u00fcr alles zusammen. Der Betrag ist am Tag der Abreise in Bar in der K\u00fcche zu hinterlegen. Auf Nachfrage gibt es hierf\u00fcr auch einen Beleg.<\/p>\n\n\n\n<p>Die Endreinigung umfasst die benutzten Zimmer (Schlafr\u00e4ume), Toiletten, B\u00e4der, Aufenthaltsraum und K\u00fcche (ggf. anteilig) und ist mit der Verg\u00fctung abgegolten. Bei Pauschalgruppen ist das ganze Haus reinigen zu lassen.<\/p>\n\n\n\n<p><\/p>\n\n\n\n<div class=\"wp-block-group\"><div class=\"wp-block-group__inner-container is-layout-flow wp-block-group-is-layout-flow\">\n<p><strong>STORNIERUNG<\/strong><\/p>\n\n\n\n<p>Stornierungen sind prinzipiell kostenfrei m\u00f6glich, solange nicht durch die Anzahlung eine verbindliche Buchung zustande kam. Kann das Berghaus trotz verbindlicher Buchung und der bitte um Stornierung mindestens entsprechend der urspr\u00fcnglichen Buchungsanfrage vermietet werden, so ist die Stornierung ebenfalls kostenlos. Kann nur ein Teil der verbindlichen Buchung anderweitig aufgefangen werden, wird der Differenzbetrag entsprechend berechnet. Bei der Stornierung einer verbindlichen Buchung wird der volle Betrag entsprechend der get\u00e4tigten Buchung berechnet.<\/p>\n\n\n\n<p>Besondere Gr\u00fcnde, die eine Verminderung der Stornierungskosten rechtfertigen k\u00f6nnten, sind pers\u00f6nlich mit dem Verwalter zu besprechen.<\/p>\n\n\n\n<p><\/p>\n\n\n\n<p><strong>ABRECHUNG UND BEZAHLUNG<\/strong><\/p>\n\n\n\n<p>Die Abrechnung erfolgt entsprechend der Buchung und den gemeldeten Kurtaxen durch den Verwalter. Hierzu wird um eine R\u00fcckmeldung bis sp\u00e4testens 3 Tage nach der Abreise gebeten. Diese kann telefonisch, per Mail oder WhatsApp stattfinden. Der dann genannte Betrag ist abz\u00fcglich eventueller Anzahlungen innerhalb von 4 Wochen und ohne weitere Aufforderung an das folgende Konto zu \u00fcberweisen:<\/p>\n\n\n\n<p>Haus Falkenstein Freiburg e.V.:<br>IBAN: DE62 6809 0000 0001 0430 21<br>BIC: GENODE61FR1; Volksbank Freiburg<\/p>\n\n\n\n<p>Die H\u00f6he der Betr\u00e4ge kann in <a href=\"http:\/\/haimb.de\/berghaus\/preisliste\/\" data-type=\"URL\" data-id=\"http:\/\/haimb.de\/berghaus\/preisliste\/\">dieser Liste<\/a> eingesehen werden.<\/p>\n\n\n\n<p><\/p>\n\n\n\n<p><strong>RECHNUNGEN UND BELEGE<\/strong><\/p>\n\n\n\n<p>Rechnungen werden nur auf Anfrage erstellt.<br>Am Ende jeden Monats erfolgt eine geb\u00fcndelte Monatsabrechnung durch den Verwalter. Rechnungen \u00fcber den Aufenthalt mit allen Posten, sowie ausgezeichneten Steuern k\u00f6nnen immer erst am Anfang des Folgemonats des Aufenthaltsendes (max. 3 Tage \u00dcberhang) erstellt werden. Rechnungen werden ausschlie\u00dflich per Mail verschickt &#8211; eine Umstellung auf e-Rechnung ist in Arbeit.<\/p>\n\n\n\n<p>Belege \u00fcber die get\u00e4tigte Reinigungspauschale werden ebenfalls nur auf Anfrage erstellt. In dringenden F\u00e4llen kann der Beleg auch kurzfristig erstellt werden, insofern bereits bei der Buchungsanfrage im Kommentarfeld mitgeteilt wurde, dass ein solcher ben\u00f6tigt wird. Andernfalls werden die Belege im gleichen Zeitraum wie die Rechnungen erstellt und ebenfalls nur per Mail verschickt.<\/p>\n\n\n\n<p>Da der Verwalter die T\u00e4tigkeit ehrenamtlich aus\u00fcbt, bitten wir darum, ihm jeweils in bisschen Zeit einzur\u00e4umen, den Rechnungen und Belegen anzukommen. W\u00f6chentliche Nachfragen beschleunigen das Ganze jedenfalls nicht.<\/p>\n<\/div><\/div>\n\n\n\n<p><\/p>\n","protected":false},"excerpt":{"rendered":"<p>Kurtaxen &#8211; Preisliste Vermietung Das Berghaus Falkenstein steht Mitgliedern der K.D.St.V Falkenstein bzw. des Haus Falkenstein Freiburg e.V. sowie nach Absprache mit dem Verwalter nahen Angeh\u00f6rigen und Freunden zur Nutzung offen. In Ausnahmef\u00e4llen kann auch an andere Personen(gruppen) vermietet werden, insofern dies mit den Grunds\u00e4tzen des Vereins vereinbar ist. Bei&#8230;<\/p>\n","protected":false},"author":1,"featured_media":0,"parent":0,"menu_order":0,"comment_status":"closed","ping_status":"closed","template":"","meta":{"footnotes":""},"class_list":["post-26","page","type-page","status-publish","hentry"],"_links":{"self":[{"href":"https:\/\/haimb.de\/berghaus\/wp-json\/wp\/v2\/pages\/26","targetHints":{"allow":["GET"]}}],"collection":[{"href":"https:\/\/haimb.de\/berghaus\/wp-json\/wp\/v2\/pages"}],"about":[{"href":"https:\/\/haimb.de\/berghaus\/wp-json\/wp\/v2\/types\/page"}],"author":[{"embeddable":true,"href":"https:\/\/haimb.de\/berghaus\/wp-json\/wp\/v2\/users\/1"}],"replies":[{"embeddable":true,"href":"https:\/\/haimb.de\/berghaus\/wp-json\/wp\/v2\/comments?post=26"}],"version-history":[{"count":58,"href":"https:\/\/haimb.de\/berghaus\/wp-json\/wp\/v2\/pages\/26\/revisions"}],"predecessor-version":[{"id":370,"href":"https:\/\/haimb.de\/berghaus\/wp-json\/wp\/v2\/pages\/26\/revisions\/370"}],"wp:attachment":[{"href":"https:\/\/haimb.de\/berghaus\/wp-json\/wp\/v2\/media?parent=26"}],"curies":[{"name":"wp","href":"https:\/\/api.w.org\/{rel}","templated":true}]}}