{"id":213,"date":"2022-01-24T20:28:06","date_gmt":"2022-01-24T19:28:06","guid":{"rendered":"http:\/\/haimb.de\/berghaus\/?page_id=213"},"modified":"2026-01-06T16:56:02","modified_gmt":"2026-01-06T15:56:02","slug":"preisliste","status":"publish","type":"page","link":"https:\/\/haimb.de\/berghaus\/preisliste\/","title":{"rendered":"Preisliste"},"content":{"rendered":"\n<figure class=\"wp-block-image size-full\"><img loading=\"lazy\" decoding=\"async\" width=\"845\" height=\"1134\" src=\"https:\/\/haimb.de\/berghaus\/wp-content\/uploads\/2026\/01\/Berghaus-Preisliste-2026.jpg\" alt=\"\" class=\"wp-image-390\" srcset=\"https:\/\/haimb.de\/berghaus\/wp-content\/uploads\/2026\/01\/Berghaus-Preisliste-2026.jpg 845w, https:\/\/haimb.de\/berghaus\/wp-content\/uploads\/2026\/01\/Berghaus-Preisliste-2026-224x300.jpg 224w, https:\/\/haimb.de\/berghaus\/wp-content\/uploads\/2026\/01\/Berghaus-Preisliste-2026-763x1024.jpg 763w, https:\/\/haimb.de\/berghaus\/wp-content\/uploads\/2026\/01\/Berghaus-Preisliste-2026-768x1031.jpg 768w\" sizes=\"auto, (max-width: 845px) 100vw, 845px\" \/><\/figure>\n\n\n\n<hr class=\"wp-block-separator has-css-opacity\"\/>\n\n\n\n<h2 class=\"wp-block-heading\"><a href=\"https:\/\/haimb.de\/berghaus\/kurtaxen-und-fremdenverkehrsbeitrag\/\">Kurtaxen und FVB<\/a><\/h2>\n\n\n\n<h3 class=\"wp-block-heading\">Rechenbeispiel:<\/h3>\n\n\n\n<p>14 Studenten wollen ein Wochenende (Fr-So) auf dem Berghaus verbringen. Darunter ist ein Aktiver Falkensteiner sowie dessen Freundin und 6 Studienfreunde des Aktiven mit je deren Partner.<\/p>\n\n\n\n<p><mark style=\"background-color:rgba(0, 0, 0, 0)\" class=\"has-inline-color has-black-color\">Es wird zun\u00e4chst eine Einzelbuchung berechnet:<\/mark><\/p>\n\n\n\n<p>Der Aktive bezahlt 8,50\u20ac p.N. (pro Nacht), seine Freundin, sowie die Studienfreunde je 11\u20ac p.N. und die Partner der Studienfreunde je 17,00\u20ac p.N. Das ergibt folgende Rechnung:<\/p>\n\n\n\n<p>(8,50\u20ac x 2 x 1) + (11\u20ac x 2 x 7) + (17\u20ac x 2 x 6) = 17\u20ac + 154\u20ac + 204\u20ac = 375\u20ac f\u00fcr die \u00dcbernachtungen.<\/p>\n\n\n\n<p>Dazu kommt die Kurtaxe i.H.v. 3,90\u20ac pro Person ab 15 Jahren und der Fremdenverkehrsbeitrag (FVB) i.H.v. 8% der Kurtaxen, also 14 x 2 x 3,90\u20ac x 8% = 117,90\u20ac.<\/p>\n\n\n\n<p>Dazu kommt die Reinigungspauschale i.H.v. 10\u20ac pro benutztem Zimmer und 60\u20ac Grundpreis f\u00fcr K\u00fcche, Gute Stube und Sanit\u00e4re Anlagen. Die Reinigungspauschale schwankt also, je nach dem, wie viele Zimmer belegt werden. Bei 14 Personen sind es aber mindestens 4 Zimmer, plus Grundpreis, also mindestens 100\u20ac.<\/p>\n\n\n\n<p>Zusammen ergibt das: 375\u20ac + 117,90\u20ac + 100\u20ac = 592,90\u20ac (also ~42,35\u20ac p.P.)<\/p>\n\n\n\n<p>Bleibt die selbe Gruppe noch l\u00e4nger, so kommen p.N. folgende Kosten hinzu:<\/p>\n\n\n\n<p>7,50\u20ac + 3,90\u20ac x 8% = 11,71\u20ac f\u00fcr den Aktiven; je 10\u20ac + 3,90\u20ac x 8% = 14,20\u20ac f\u00fcr die Freundin und die Studienfreunde (7), also 113,70\u20ac; je 15\u20ac + 3,90\u20ac = 18,90\u20ac f\u00fcr die Partner der Studienfreunde (6), also 115,27\u20ac. Das ergibt zusammen 240,7\u20ac; also ~ 17,20\u20ac p.P.<\/p>\n\n\n\n<p>Das verl\u00e4ngerte Wochenende w\u00fcrde bei drei \u00dcbernachtungen also insgesamt 833,60\u20ac kosten, also 59,55\u20ac pro Person.<\/p>\n\n\n\n<p><mark style=\"background-color:rgba(0, 0, 0, 0)\" class=\"has-inline-color has-black-color\">Bei einer Pauschalbuchung w\u00fcrden folgende Kosten anfallen:<\/mark><\/p>\n\n\n\n<p>Die Anzahl der G\u00e4ste ist nur f\u00fcr die Berechnung der Kurtaxe relevant. Ansonsten wird f\u00fcr die erste Nacht 260\u20ac und f\u00fcr alle folgenden N\u00e4chte 190\u20ac berechnet, da ein Aktiver zu wenig ist f\u00fcr die Abrechnung als Aktivitas und es als famili\u00e4re Veranstaltung gewertet werden kann. Bei zwei \u00dcbernachtungen fallen also 260\u20ac + 190\u20ac = 450\u20ac plus 150\u20ac Reinigungspauschale, also 600\u20ac an. Bei 3 \u00dcbernachtungen entsprechend 790\u20ac. Hierzu kommt die Kurtaxe: Bei 14 Personen und zwei \u00dcbernachtungen ergibt das 570\u20ac + 117,90\u20ac = 687,90\u20ac; bei drei \u00dcbernachtungen 966,90\u20ac. Im Schnitt also ~ 49,15\u20ac bzw. ~ 69\u20ac p.P.<\/p>\n\n\n\n<p>Eine Pauschalbuchung ergibt also erst ab einer bestimmten Gruppengr\u00f6\u00dfe wirklich Sinn. Wer pauschal bucht, muss auch damit rechnen, dass pauschal abgerechnet wird. Pauschalbuchungen sind nicht daf\u00fcr gedacht, das Berghaus als kleine Gruppe f\u00fcr sich alleine zu beanspruchen. Da die Berechnung von mehreren Faktoren abh\u00e4ngig ist, kann hier keine allgemeine Angabe gemacht werden, wann sich eine Pauschalbuchung lohnt. Zur Berechnung, wann welche Form der Buchung sinnvoll ist, gibt es ein Hilfsmittel: den Kostenrechner:<\/p>\n\n\n\n<div class=\"wp-block-file\"><a id=\"wp-block-file--media-7da35153-9d10-46dd-bc36-e218e12cb708\" href=\"https:\/\/haimb.de\/berghaus\/wp-content\/uploads\/2025\/12\/Kostenrechner-Berghaus-2026.xlsx\">Kostenrechner-Berghaus-2026<\/a><a href=\"https:\/\/haimb.de\/berghaus\/wp-content\/uploads\/2025\/12\/Kostenrechner-Berghaus-2026.xlsx\" class=\"wp-block-file__button wp-element-button\" download aria-describedby=\"wp-block-file--media-7da35153-9d10-46dd-bc36-e218e12cb708\">Herunterladen<\/a><\/div>\n\n\n\n<p>Bitte beachten, dass der Kostenrechner lediglich ein Hilfsmittel ist, um die anfallenden Kosten im Voraus grob zu bestimmen. Die letztg\u00fcltige Abrechnung macht der Verwalter.<\/p>\n\n\n\n<hr class=\"wp-block-separator has-css-opacity\"\/>\n\n\n\n<p>Alle Angaben ohne Gew\u00e4hr<\/p>\n","protected":false},"excerpt":{"rendered":"<p>Kurtaxen und FVB Rechenbeispiel: 14 Studenten wollen ein Wochenende (Fr-So) auf dem Berghaus verbringen. Darunter ist ein Aktiver Falkensteiner sowie dessen Freundin und 6 Studienfreunde des Aktiven mit je deren Partner. Es wird zun\u00e4chst eine Einzelbuchung berechnet: Der Aktive bezahlt 8,50\u20ac p.N. (pro Nacht), seine Freundin, sowie die Studienfreunde je&#8230;<\/p>\n","protected":false},"author":4,"featured_media":0,"parent":0,"menu_order":0,"comment_status":"closed","ping_status":"closed","template":"","meta":{"footnotes":""},"class_list":["post-213","page","type-page","status-publish","hentry"],"_links":{"self":[{"href":"https:\/\/haimb.de\/berghaus\/wp-json\/wp\/v2\/pages\/213","targetHints":{"allow":["GET"]}}],"collection":[{"href":"https:\/\/haimb.de\/berghaus\/wp-json\/wp\/v2\/pages"}],"about":[{"href":"https:\/\/haimb.de\/berghaus\/wp-json\/wp\/v2\/types\/page"}],"author":[{"embeddable":true,"href":"https:\/\/haimb.de\/berghaus\/wp-json\/wp\/v2\/users\/4"}],"replies":[{"embeddable":true,"href":"https:\/\/haimb.de\/berghaus\/wp-json\/wp\/v2\/comments?post=213"}],"version-history":[{"count":41,"href":"https:\/\/haimb.de\/berghaus\/wp-json\/wp\/v2\/pages\/213\/revisions"}],"predecessor-version":[{"id":391,"href":"https:\/\/haimb.de\/berghaus\/wp-json\/wp\/v2\/pages\/213\/revisions\/391"}],"wp:attachment":[{"href":"https:\/\/haimb.de\/berghaus\/wp-json\/wp\/v2\/media?parent=213"}],"curies":[{"name":"wp","href":"https:\/\/api.w.org\/{rel}","templated":true}]}}