{"id":2,"date":"2021-04-13T18:53:44","date_gmt":"2021-04-13T16:53:44","guid":{"rendered":"http:\/\/haimb.de\/berghaus2\/?page_id=2"},"modified":"2025-09-30T11:04:45","modified_gmt":"2025-09-30T09:04:45","slug":"beispiel-seite","status":"publish","type":"page","link":"https:\/\/haimb.de\/berghaus\/","title":{"rendered":"Willkommen &#8230;"},"content":{"rendered":"\n<p>&#8230; auf den Webseiten des Berghauses der&nbsp;<a rel=\"noreferrer noopener\" href=\"http:\/\/www.kdstv-falkenstein.de\/\" target=\"_blank\">KDStV Falkenstein<\/a>, getragen durch den Haus Falkenstein Freiburg e.V.&nbsp;<\/p>\n\n\n\n<p>Das Berghaus Falkenstein befindet sich<a href=\"https:\/\/www.google.com\/maps\/place\/Berghaus+Falkenstein\/@47.8569583,8.1094873,15z\/data=!4m6!3m5!1s0x4790f75792573a57:0x424e7c6ee8ec521!8m2!3d47.8569583!4d8.1094873!16s%2Fg%2F11p5zk6kc1\" data-type=\"URL\" data-id=\"https:\/\/www.google.com\/maps\/place\/Berghaus+Falkenstein\/@47.8569583,8.1094873,15z\/data=!4m6!3m5!1s0x4790f75792573a57:0x424e7c6ee8ec521!8m2!3d47.8569583!4d8.1094873!16s%2Fg%2F11p5zk6kc1\" target=\"_blank\" rel=\"noreferrer noopener\"> Am Sommerberg 2 in 79868 Feldberg-Altglash\u00fctten<\/a> (Schwarzwald), etwa 45 Auto-Minuten von Freiburg entfernt. Mit der Bahn ben\u00f6tigt man 60 Minuten vom Hbf Freiburg zur Haltestelle Altglash\u00fctten-Falkau und dann circa 10 Minuten zu Fu\u00df zum Berghaus. Es steht haupts\u00e4chlich Mitgliedern des Vereines sowie Freunden und Bekannten der Mitglieder zur Nutzung offen. Details hierzu im Bereich <a href=\"http:\/\/haimb.de\/berghaus\/vermietung\/\" data-type=\"page\">Vermietung<\/a>.<\/p>\n\n\n\n<p>Zur Anmeldung der <a href=\"http:\/\/haimb.de\/berghaus\/kurtaxen-und-fremdenverkehrsbeitrag\/\" data-type=\"link\" data-id=\"http:\/\/haimb.de\/berghaus\/kurtaxen-und-fremdenverkehrsbeitrag\/\">Kurtaxen<\/a> bitte <a href=\"https:\/\/shop.hochschwarzwald.de\/de\/registration\/guestcard\/genericquickcheckin\/?serviceProvider%5B0%5D=0503701046&amp;partner=7c238f5b-578d-11ec-86ac-005056bba5cf\" data-type=\"link\" data-id=\"https:\/\/shop.hochschwarzwald.de\/de\/registration\/guestcard\/genericquickcheckin\/?serviceProvider%5B0%5D=0503701046\" target=\"_blank\" rel=\"noreferrer noopener\">diesem Link<\/a> folgen.<\/p>\n\n\n\n<p>Die freien Termine k\u00f6nnen auf dem&nbsp;<a href=\"http:\/\/haimb.de\/berghaus\/vermietung\/belegung-und-anfragen\/\" data-type=\"page\">Belegungskalender<\/a>&nbsp;eingesehen werden, Buchungsanfragen k\u00f6nnen dort ebenfalls gestellt werden. Wir freuen uns auf Euer Kommen!<\/p>\n\n\n\n<p><\/p>\n","protected":false},"excerpt":{"rendered":"<p>&#8230; auf den Webseiten des Berghauses der&nbsp;KDStV Falkenstein, getragen durch den Haus Falkenstein Freiburg e.V.&nbsp; Das Berghaus Falkenstein befindet sich Am Sommerberg 2 in 79868 Feldberg-Altglash\u00fctten (Schwarzwald), etwa 45 Auto-Minuten von Freiburg entfernt. Mit der Bahn ben\u00f6tigt man 60 Minuten vom Hbf Freiburg zur Haltestelle Altglash\u00fctten-Falkau und dann circa 10&#8230;<\/p>\n","protected":false},"author":1,"featured_media":0,"parent":0,"menu_order":0,"comment_status":"closed","ping_status":"open","template":"","meta":{"footnotes":""},"class_list":["post-2","page","type-page","status-publish","hentry"],"_links":{"self":[{"href":"https:\/\/haimb.de\/berghaus\/wp-json\/wp\/v2\/pages\/2","targetHints":{"allow":["GET"]}}],"collection":[{"href":"https:\/\/haimb.de\/berghaus\/wp-json\/wp\/v2\/pages"}],"about":[{"href":"https:\/\/haimb.de\/berghaus\/wp-json\/wp\/v2\/types\/page"}],"author":[{"embeddable":true,"href":"https:\/\/haimb.de\/berghaus\/wp-json\/wp\/v2\/users\/1"}],"replies":[{"embeddable":true,"href":"https:\/\/haimb.de\/berghaus\/wp-json\/wp\/v2\/comments?post=2"}],"version-history":[{"count":17,"href":"https:\/\/haimb.de\/berghaus\/wp-json\/wp\/v2\/pages\/2\/revisions"}],"predecessor-version":[{"id":366,"href":"https:\/\/haimb.de\/berghaus\/wp-json\/wp\/v2\/pages\/2\/revisions\/366"}],"wp:attachment":[{"href":"https:\/\/haimb.de\/berghaus\/wp-json\/wp\/v2\/media?parent=2"}],"curies":[{"name":"wp","href":"https:\/\/api.w.org\/{rel}","templated":true}]}}